{"id":376,"date":"2019-05-19T18:54:37","date_gmt":"2019-05-19T16:54:37","guid":{"rendered":"https:\/\/htps.aero\/?page_id=376"},"modified":"2025-01-15T08:36:17","modified_gmt":"2025-01-15T07:36:17","slug":"ueber-mich","status":"publish","type":"page","link":"https:\/\/htps.aero\/?page_id=376","title":{"rendered":"\u00dcber mich"},"content":{"rendered":"\t\t<div data-elementor-type=\"wp-post\" data-elementor-id=\"376\" class=\"elementor elementor-376\">\n\t\t\t\t\t\t\t\t\t<section class=\"elementor-section elementor-top-section elementor-element elementor-element-e6b6f9c elementor-section-boxed elementor-section-height-default elementor-section-height-default\" data-id=\"e6b6f9c\" data-element_type=\"section\" data-settings=\"{&quot;background_background&quot;:&quot;classic&quot;}\">\n\t\t\t\t\t\t\t<div class=\"elementor-background-overlay\"><\/div>\n\t\t\t\t\t\t\t<div class=\"elementor-container elementor-column-gap-default\">\n\t\t\t\t\t<div class=\"elementor-column elementor-col-100 elementor-top-column elementor-element elementor-element-133d263\" data-id=\"133d263\" data-element_type=\"column\" data-settings=\"{&quot;background_background&quot;:&quot;classic&quot;}\">\n\t\t\t<div class=\"elementor-widget-wrap elementor-element-populated\">\n\t\t\t\t\t\t\t\t<div class=\"elementor-element elementor-element-93cbf83 elementor-widget-divider--view-line elementor-widget elementor-widget-divider\" data-id=\"93cbf83\" data-element_type=\"widget\" data-widget_type=\"divider.default\">\n\t\t\t\t<div class=\"elementor-widget-container\">\n\t\t\t\t\t<div class=\"elementor-divider\">\n\t\t\t<span class=\"elementor-divider-separator\">\n\t\t\t\t\t\t<\/span>\n\t\t<\/div>\n\t\t\t\t<\/div>\n\t\t\t\t<\/div>\n\t\t\t\t<div class=\"elementor-element elementor-element-45c6bb6 elementor-widget elementor-widget-text-editor\" data-id=\"45c6bb6\" data-element_type=\"widget\" data-widget_type=\"text-editor.default\">\n\t\t\t\t<div class=\"elementor-widget-container\">\n\t\t\t\t\t\t\t<p><strong>Meine Qualifikation<\/strong><\/p>\t\t\t\t\t\t<\/div>\n\t\t\t\t<\/div>\n\t\t\t\t<div class=\"elementor-element elementor-element-a63a6fe text-center elementor-widget elementor-widget-advanced-text-block\" data-id=\"a63a6fe\" data-element_type=\"widget\" data-widget_type=\"advanced-text-block.default\">\n\t\t\t\t<div class=\"elementor-widget-container\">\n\t\t\t<div class=\"futurio_extra_adv_text_block \" ><div class=\"text-content-block\"><p>EASA Kategorie 2 Flight Test Rating f\u00fcr CS-27 und CS-29.<\/p><\/div><\/div>\t\t<\/div>\n\t\t\t\t<\/div>\n\t\t\t\t<div class=\"elementor-element elementor-element-adacba9 elementor-widget elementor-widget-text-editor\" data-id=\"adacba9\" data-element_type=\"widget\" data-widget_type=\"text-editor.default\">\n\t\t\t\t<div class=\"elementor-widget-container\">\n\t\t\t\t\t\t\t<p>Meine Professionalit\u00e4t basiert auf der Qualifikation als &#8222;Ingenieur&#8220; in Maschinenbau (EQF Level 6) mit Spezialisierung auf Mechatronik, einer umfassenden Flugtestausbildung in Europa und den Vereinigten Staaten und mehr als 10 Jahren praktischer Erfahrung in Flugtests auf verschiedenen Hubschraubertypen.<\/p>\t\t\t\t\t\t<\/div>\n\t\t\t\t<\/div>\n\t\t\t\t\t<\/div>\n\t\t<\/div>\n\t\t\t\t\t\t\t<\/div>\n\t\t<\/section>\n\t\t\t\t<section class=\"elementor-section elementor-top-section elementor-element elementor-element-e3b24f2 elementor-section-boxed elementor-section-height-default elementor-section-height-default\" data-id=\"e3b24f2\" data-element_type=\"section\">\n\t\t\t\t\t\t<div class=\"elementor-container elementor-column-gap-default\">\n\t\t\t\t\t<div class=\"elementor-column elementor-col-100 elementor-top-column elementor-element elementor-element-0cca18c\" data-id=\"0cca18c\" data-element_type=\"column\">\n\t\t\t<div class=\"elementor-widget-wrap elementor-element-populated\">\n\t\t\t\t\t\t\t\t<div class=\"elementor-element elementor-element-b02256a elementor-widget elementor-widget-spacer\" data-id=\"b02256a\" data-element_type=\"widget\" data-widget_type=\"spacer.default\">\n\t\t\t\t<div class=\"elementor-widget-container\">\n\t\t\t\t\t<div class=\"elementor-spacer\">\n\t\t\t<div class=\"elementor-spacer-inner\"><\/div>\n\t\t<\/div>\n\t\t\t\t<\/div>\n\t\t\t\t<\/div>\n\t\t\t\t<div class=\"elementor-element elementor-element-71f316d elementor-widget-divider--view-line elementor-widget elementor-widget-divider\" data-id=\"71f316d\" data-element_type=\"widget\" data-widget_type=\"divider.default\">\n\t\t\t\t<div class=\"elementor-widget-container\">\n\t\t\t\t\t<div class=\"elementor-divider\">\n\t\t\t<span class=\"elementor-divider-separator\">\n\t\t\t\t\t\t<\/span>\n\t\t<\/div>\n\t\t\t\t<\/div>\n\t\t\t\t<\/div>\n\t\t\t\t<div class=\"elementor-element elementor-element-0d46efc elementor-widget elementor-widget-heading\" data-id=\"0d46efc\" data-element_type=\"widget\" data-widget_type=\"heading.default\">\n\t\t\t\t<div class=\"elementor-widget-container\">\n\t\t\t<h3 class=\"elementor-heading-title elementor-size-default\">Testpilotenausbildung<\/h3>\t\t<\/div>\n\t\t\t\t<\/div>\n\t\t\t\t<div class=\"elementor-element elementor-element-0e53961 elementor-widget elementor-widget-text-editor\" data-id=\"0e53961\" data-element_type=\"widget\" data-widget_type=\"text-editor.default\">\n\t\t\t\t<div class=\"elementor-widget-container\">\n\t\t\t\t\t\t\t<p>National Test Pilot School &#8211; 2018, USA<\/p><p>Reparto Sperimentale di Volo &#8211; 2012, Italien<\/p>\t\t\t\t\t\t<\/div>\n\t\t\t\t<\/div>\n\t\t\t\t<div class=\"elementor-element elementor-element-378a306 elementor-widget-divider--view-line elementor-widget elementor-widget-divider\" data-id=\"378a306\" data-element_type=\"widget\" data-widget_type=\"divider.default\">\n\t\t\t\t<div class=\"elementor-widget-container\">\n\t\t\t\t\t<div class=\"elementor-divider\">\n\t\t\t<span class=\"elementor-divider-separator\">\n\t\t\t\t\t\t<\/span>\n\t\t<\/div>\n\t\t\t\t<\/div>\n\t\t\t\t<\/div>\n\t\t\t\t\t<\/div>\n\t\t<\/div>\n\t\t\t\t\t\t\t<\/div>\n\t\t<\/section>\n\t\t\t\t<section class=\"elementor-section elementor-top-section elementor-element elementor-element-b2be203 elementor-section-boxed elementor-section-height-default elementor-section-height-default\" data-id=\"b2be203\" data-element_type=\"section\">\n\t\t\t\t\t\t<div class=\"elementor-container elementor-column-gap-default\">\n\t\t\t\t\t<div class=\"elementor-column elementor-col-100 elementor-top-column elementor-element elementor-element-e7e20ce\" data-id=\"e7e20ce\" data-element_type=\"column\">\n\t\t\t<div class=\"elementor-widget-wrap elementor-element-populated\">\n\t\t\t\t\t\t\t\t<div class=\"elementor-element elementor-element-2d9ebd4 elementor-widget elementor-widget-heading\" data-id=\"2d9ebd4\" data-element_type=\"widget\" data-widget_type=\"heading.default\">\n\t\t\t\t<div class=\"elementor-widget-container\">\n\t\t\t<h3 class=\"elementor-heading-title elementor-size-default\">Weiterbildungen<\/h3>\t\t<\/div>\n\t\t\t\t<\/div>\n\t\t\t\t<div class=\"elementor-element elementor-element-d0aa69d elementor-widget elementor-widget-text-editor\" data-id=\"d0aa69d\" data-element_type=\"widget\" data-widget_type=\"text-editor.default\">\n\t\t\t\t<div class=\"elementor-widget-container\">\n\t\t\t\t\t\t\t<p>Introduction to Systems Testing (National Test Pilot School 2024)<\/p>\n<p>Professional Certificate in Aircraft Flight Test and Evaluation (International Test Pilots School &#8211; 2022-2024)<\/p>\n<p>Performance &amp; Flying Qualities Flight Testing (National Test Pilot School &#8211; 2021)<\/p>\n<p>Automatic Flight Control System Flight Testing (National Test Pilot School &#8211; 2021)<\/p>\t\t\t\t\t\t<\/div>\n\t\t\t\t<\/div>\n\t\t\t\t<div class=\"elementor-element elementor-element-4b8cdc5 elementor-widget-divider--view-line elementor-widget elementor-widget-divider\" data-id=\"4b8cdc5\" data-element_type=\"widget\" data-widget_type=\"divider.default\">\n\t\t\t\t<div class=\"elementor-widget-container\">\n\t\t\t\t\t<div class=\"elementor-divider\">\n\t\t\t<span class=\"elementor-divider-separator\">\n\t\t\t\t\t\t<\/span>\n\t\t<\/div>\n\t\t\t\t<\/div>\n\t\t\t\t<\/div>\n\t\t\t\t\t<\/div>\n\t\t<\/div>\n\t\t\t\t\t\t\t<\/div>\n\t\t<\/section>\n\t\t\t\t<section class=\"elementor-section elementor-top-section elementor-element elementor-element-801f15d elementor-section-boxed elementor-section-height-default elementor-section-height-default\" data-id=\"801f15d\" data-element_type=\"section\">\n\t\t\t\t\t\t<div class=\"elementor-container elementor-column-gap-default\">\n\t\t\t\t\t<div class=\"elementor-column elementor-col-100 elementor-top-column elementor-element elementor-element-defcb95\" data-id=\"defcb95\" data-element_type=\"column\">\n\t\t\t<div class=\"elementor-widget-wrap elementor-element-populated\">\n\t\t\t\t\t\t\t\t<div class=\"elementor-element elementor-element-d1f11b1 elementor-widget elementor-widget-heading\" data-id=\"d1f11b1\" data-element_type=\"widget\" data-widget_type=\"heading.default\">\n\t\t\t\t<div class=\"elementor-widget-container\">\n\t\t\t<h3 class=\"elementor-heading-title elementor-size-default\">Berechtigungen, Zeugnisse und Rechte f\u00fcr Hubschrauber<\/h3>\t\t<\/div>\n\t\t\t\t<\/div>\n\t\t\t\t<div class=\"elementor-element elementor-element-9059f93 elementor-widget elementor-widget-text-editor\" data-id=\"9059f93\" data-element_type=\"widget\" data-widget_type=\"text-editor.default\">\n\t\t\t\t<div class=\"elementor-widget-container\">\n\t\t\t\t\t\t\t<p><!-- wp:paragraph --><\/p>\n<p>Airline Transport Pilot License (Helicopter)<\/p>\n<p>EASA Flight Test Category 2<\/p>\n<p>Flight Validation Pilot<\/p>\n<p>Flight Examiner, Type Rating Examiner EC135\/635<\/p>\n<p>Flight Instructor &#8211; Private Pilot License, Night, IR, EC135\/635<\/p>\n<p>Instrument Rating<\/p>\n<p>Night Rating<\/p>\n<p>ICAO English\/German Level 6<\/p>\n<p><!-- \/wp:paragraph --><\/p>\t\t\t\t\t\t<\/div>\n\t\t\t\t<\/div>\n\t\t\t\t<div class=\"elementor-element elementor-element-aa36cdd elementor-widget-divider--view-line elementor-widget elementor-widget-divider\" data-id=\"aa36cdd\" data-element_type=\"widget\" data-widget_type=\"divider.default\">\n\t\t\t\t<div class=\"elementor-widget-container\">\n\t\t\t\t\t<div class=\"elementor-divider\">\n\t\t\t<span class=\"elementor-divider-separator\">\n\t\t\t\t\t\t<\/span>\n\t\t<\/div>\n\t\t\t\t<\/div>\n\t\t\t\t<\/div>\n\t\t\t\t\t<\/div>\n\t\t<\/div>\n\t\t\t\t\t\t\t<\/div>\n\t\t<\/section>\n\t\t\t\t<section class=\"elementor-section elementor-top-section elementor-element elementor-element-d0833eb elementor-section-boxed elementor-section-height-default elementor-section-height-default\" data-id=\"d0833eb\" data-element_type=\"section\">\n\t\t\t\t\t\t<div class=\"elementor-container elementor-column-gap-default\">\n\t\t\t\t\t<div class=\"elementor-column elementor-col-100 elementor-top-column elementor-element elementor-element-d279c27\" data-id=\"d279c27\" data-element_type=\"column\">\n\t\t\t<div class=\"elementor-widget-wrap elementor-element-populated\">\n\t\t\t\t\t\t\t\t<div class=\"elementor-element elementor-element-48fb7d7 elementor-widget elementor-widget-heading\" data-id=\"48fb7d7\" data-element_type=\"widget\" data-widget_type=\"heading.default\">\n\t\t\t\t<div class=\"elementor-widget-container\">\n\t\t\t<h3 class=\"elementor-heading-title elementor-size-default\">Flugerfahrung<\/h3>\t\t<\/div>\n\t\t\t\t<\/div>\n\t\t\t\t<div class=\"elementor-element elementor-element-b530bba elementor-widget elementor-widget-text-editor\" data-id=\"b530bba\" data-element_type=\"widget\" data-widget_type=\"text-editor.default\">\n\t\t\t\t<div class=\"elementor-widget-container\">\n\t\t\t\t\t\t\t<p><!-- wp:paragraph --><\/p>\n<p>&gt; 4500 Flugstunden auf verschiedensten Hubschraubertypen<\/p>\n<p>&gt; 226 Testflugstunden<\/p>\n<p><!-- \/wp:paragraph --><\/p>\t\t\t\t\t\t<\/div>\n\t\t\t\t<\/div>\n\t\t\t\t<div class=\"elementor-element elementor-element-2ee3a2e elementor-widget-divider--view-line elementor-widget elementor-widget-divider\" data-id=\"2ee3a2e\" data-element_type=\"widget\" data-widget_type=\"divider.default\">\n\t\t\t\t<div class=\"elementor-widget-container\">\n\t\t\t\t\t<div class=\"elementor-divider\">\n\t\t\t<span class=\"elementor-divider-separator\">\n\t\t\t\t\t\t<\/span>\n\t\t<\/div>\n\t\t\t\t<\/div>\n\t\t\t\t<\/div>\n\t\t\t\t\t<\/div>\n\t\t<\/div>\n\t\t\t\t\t\t\t<\/div>\n\t\t<\/section>\n\t\t\t\t<section class=\"elementor-section elementor-top-section elementor-element elementor-element-78062a7 elementor-section-boxed elementor-section-height-default elementor-section-height-default\" data-id=\"78062a7\" data-element_type=\"section\">\n\t\t\t\t\t\t<div class=\"elementor-container elementor-column-gap-default\">\n\t\t\t\t\t<div class=\"elementor-column elementor-col-100 elementor-top-column elementor-element elementor-element-7770c9a\" data-id=\"7770c9a\" data-element_type=\"column\">\n\t\t\t<div class=\"elementor-widget-wrap elementor-element-populated\">\n\t\t\t\t\t\t\t\t<div class=\"elementor-element elementor-element-0372f41 elementor-widget elementor-widget-heading\" data-id=\"0372f41\" data-element_type=\"widget\" data-widget_type=\"heading.default\">\n\t\t\t\t<div class=\"elementor-widget-container\">\n\t\t\t<h3 class=\"elementor-heading-title elementor-size-default\">Praktische Flugerfahrung auf folgenden Hubschraubertypen<\/h3>\t\t<\/div>\n\t\t\t\t<\/div>\n\t\t\t\t<div class=\"elementor-element elementor-element-90e18cf elementor-widget elementor-widget-heading\" data-id=\"90e18cf\" data-element_type=\"widget\" data-widget_type=\"heading.default\">\n\t\t\t\t<div class=\"elementor-widget-container\">\n\t\t\t<h4 class=\"elementor-heading-title elementor-size-default\">CS-27<\/h4>\t\t<\/div>\n\t\t\t\t<\/div>\n\t\t\t\t<div class=\"elementor-element elementor-element-ac72fbb elementor-widget elementor-widget-text-editor\" data-id=\"ac72fbb\" data-element_type=\"widget\" data-widget_type=\"text-editor.default\">\n\t\t\t\t<div class=\"elementor-widget-container\">\n\t\t\t\t\t\t\t<p>Robinson R44 Raven I<\/p>\n<p>A\u00e9rospatiale SA 319<\/p>\n<p><span style=\"letter-spacing: 0px;\">Airbus Helicopters H135 (P1\/T1 &#8211; P3\/T3, P3H\/T3H)<\/span><\/p>\n<p>Agusta Bell 206<\/p>\n<p>Bell OH 58<\/p>\n<p><span style=\"letter-spacing: 0px;\">MBB BO 105<\/span><\/p>\n<p><span style=\"letter-spacing: 0px;\">Agusta Westland A 109 S Grand Da Vinci<\/span><\/p>\n<p><span style=\"letter-spacing: 0px;\">Bell 429<\/span><\/p>\t\t\t\t\t\t<\/div>\n\t\t\t\t<\/div>\n\t\t\t\t<div class=\"elementor-element elementor-element-96db624 elementor-widget elementor-widget-heading\" data-id=\"96db624\" data-element_type=\"widget\" data-widget_type=\"heading.default\">\n\t\t\t\t<div class=\"elementor-widget-container\">\n\t\t\t<h4 class=\"elementor-heading-title elementor-size-default\">CS-29<\/h4>\t\t<\/div>\n\t\t\t\t<\/div>\n\t\t\t\t<div class=\"elementor-element elementor-element-507da67 elementor-widget elementor-widget-text-editor\" data-id=\"507da67\" data-element_type=\"widget\" data-widget_type=\"text-editor.default\">\n\t\t\t\t<div class=\"elementor-widget-container\">\n\t\t\t\t\t\t\t<p><span style=\"letter-spacing: 0px;\">Airbus Helicopters H145 (BK117 C2\/D2)<\/span><\/p>\n<p>Agusta A 129 Mangusta<\/p>\n<p><span style=\"letter-spacing: 0px;\">Agusta Bell 212 &amp; 412<\/span><\/p>\n<p>Agusta Westland AW 139<\/p>\n<p>A\u00e9rospatiale AS 332 L1 Super Puma<span style=\"letter-spacing: 0px;\"><br \/><\/span><\/p>\n<p>\u00a0<\/p>\t\t\t\t\t\t<\/div>\n\t\t\t\t<\/div>\n\t\t\t\t<div class=\"elementor-element elementor-element-5fc8abe elementor-widget-divider--view-line elementor-widget elementor-widget-divider\" data-id=\"5fc8abe\" data-element_type=\"widget\" data-widget_type=\"divider.default\">\n\t\t\t\t<div class=\"elementor-widget-container\">\n\t\t\t\t\t<div class=\"elementor-divider\">\n\t\t\t<span class=\"elementor-divider-separator\">\n\t\t\t\t\t\t<\/span>\n\t\t<\/div>\n\t\t\t\t<\/div>\n\t\t\t\t<\/div>\n\t\t\t\t\t<\/div>\n\t\t<\/div>\n\t\t\t\t\t\t\t<\/div>\n\t\t<\/section>\n\t\t\t\t<section class=\"elementor-section elementor-top-section elementor-element elementor-element-ba30d9d elementor-section-boxed elementor-section-height-default elementor-section-height-default\" data-id=\"ba30d9d\" data-element_type=\"section\">\n\t\t\t\t\t\t<div class=\"elementor-container elementor-column-gap-default\">\n\t\t\t\t\t<div class=\"elementor-column elementor-col-100 elementor-top-column elementor-element elementor-element-19d7d7a\" data-id=\"19d7d7a\" data-element_type=\"column\">\n\t\t\t<div class=\"elementor-widget-wrap elementor-element-populated\">\n\t\t\t\t\t\t\t\t<div class=\"elementor-element elementor-element-462c694 elementor-widget elementor-widget-heading\" data-id=\"462c694\" data-element_type=\"widget\" data-widget_type=\"heading.default\">\n\t\t\t\t<div class=\"elementor-widget-container\">\n\t\t\t<h3 class=\"elementor-heading-title elementor-size-default\">Milit\u00e4rische und kommerzielle Hubschrauber-Flugausbildung<\/h3>\t\t<\/div>\n\t\t\t\t<\/div>\n\t\t\t\t<div class=\"elementor-element elementor-element-290e305 elementor-widget elementor-widget-text-editor\" data-id=\"290e305\" data-element_type=\"widget\" data-widget_type=\"text-editor.default\">\n\t\t\t\t<div class=\"elementor-widget-container\">\n\t\t\t\t\t\t\t<p>Flight Validation Pilot (FVP)<\/p>\n<p>Fast-Roping, Rappelling, Special Patrol Insertion\/Extraction<\/p>\n<p>Flight Test Pilot Category 2<\/p>\n<p>Formation Flight<\/p>\n<p>Helicopter Emergency Medical Services (HEMS)<\/p>\n<p>Helicopter External Sling Load Operations (HESLO)<\/p>\n<p>Helicopter Hoist Operations (HHO)<\/p>\n<p><span style=\"letter-spacing: 0px;\">Helmet Mounted Display (HMD) Day and Night (NVG)<\/span><\/p>\n<p>Human External Cargo (HEC)<\/p>\n<p>IR(H) &#8211; Radio-\/GPS-Navigation (PBN)<\/p>\n<p>Low-level Flight<\/p>\n<p>Maintenance Test Pilot<\/p>\n<p><span style=\"letter-spacing: 0px;\">Night Vision Goggles (NVG)<\/span><\/p>\n<p>Off-Airfield\/Mountain\/High-Mountain Landings<\/p>\t\t\t\t\t\t<\/div>\n\t\t\t\t<\/div>\n\t\t\t\t<div class=\"elementor-element elementor-element-2285908 elementor-widget-divider--view-line elementor-widget elementor-widget-divider\" data-id=\"2285908\" data-element_type=\"widget\" data-widget_type=\"divider.default\">\n\t\t\t\t<div class=\"elementor-widget-container\">\n\t\t\t\t\t<div class=\"elementor-divider\">\n\t\t\t<span class=\"elementor-divider-separator\">\n\t\t\t\t\t\t<\/span>\n\t\t<\/div>\n\t\t\t\t<\/div>\n\t\t\t\t<\/div>\n\t\t\t\t\t<\/div>\n\t\t<\/div>\n\t\t\t\t\t\t\t<\/div>\n\t\t<\/section>\n\t\t\t\t<section class=\"elementor-section elementor-top-section elementor-element elementor-element-8996ac1 elementor-section-boxed elementor-section-height-default elementor-section-height-default\" data-id=\"8996ac1\" data-element_type=\"section\">\n\t\t\t\t\t\t<div class=\"elementor-container elementor-column-gap-default\">\n\t\t\t\t\t<div class=\"elementor-column elementor-col-100 elementor-top-column elementor-element elementor-element-7baed7c\" data-id=\"7baed7c\" data-element_type=\"column\">\n\t\t\t<div class=\"elementor-widget-wrap elementor-element-populated\">\n\t\t\t\t\t\t\t\t<div class=\"elementor-element elementor-element-7a261b1 elementor-widget elementor-widget-heading\" data-id=\"7a261b1\" data-element_type=\"widget\" data-widget_type=\"heading.default\">\n\t\t\t\t<div class=\"elementor-widget-container\">\n\t\t\t<h3 class=\"elementor-heading-title elementor-size-default\">Fliegerische Laufbahn<\/h3>\t\t<\/div>\n\t\t\t\t<\/div>\n\t\t\t\t<div class=\"elementor-element elementor-element-32f4326 elementor-widget elementor-widget-text-editor\" data-id=\"32f4326\" data-element_type=\"widget\" data-widget_type=\"text-editor.default\">\n\t\t\t\t<div class=\"elementor-widget-container\">\n\t\t\t\t\t\t\t<p>\u00d6AMTC Flugrettung &#8211; April 2017 bis heute<\/p><p>\u00d6sterreichisches Bundesheer &#8211; J\u00e4nner 2003 bis M\u00e4rz 2017<\/p>\t\t\t\t\t\t<\/div>\n\t\t\t\t<\/div>\n\t\t\t\t<div class=\"elementor-element elementor-element-0ada4d4 elementor-widget-divider--view-line elementor-widget elementor-widget-divider\" data-id=\"0ada4d4\" data-element_type=\"widget\" data-widget_type=\"divider.default\">\n\t\t\t\t<div class=\"elementor-widget-container\">\n\t\t\t\t\t<div class=\"elementor-divider\">\n\t\t\t<span class=\"elementor-divider-separator\">\n\t\t\t\t\t\t<\/span>\n\t\t<\/div>\n\t\t\t\t<\/div>\n\t\t\t\t<\/div>\n\t\t\t\t\t<\/div>\n\t\t<\/div>\n\t\t\t\t\t\t\t<\/div>\n\t\t<\/section>\n\t\t\t\t<section class=\"elementor-section elementor-top-section elementor-element elementor-element-8579d97 elementor-section-boxed elementor-section-height-default elementor-section-height-default\" data-id=\"8579d97\" data-element_type=\"section\">\n\t\t\t\t\t\t<div class=\"elementor-container elementor-column-gap-default\">\n\t\t\t\t\t<div class=\"elementor-column elementor-col-100 elementor-top-column elementor-element elementor-element-6ff3cd2\" data-id=\"6ff3cd2\" data-element_type=\"column\">\n\t\t\t<div class=\"elementor-widget-wrap elementor-element-populated\">\n\t\t\t\t\t\t\t\t<div class=\"elementor-element elementor-element-a75ccf2 elementor-widget elementor-widget-heading\" data-id=\"a75ccf2\" data-element_type=\"widget\" data-widget_type=\"heading.default\">\n\t\t\t\t<div class=\"elementor-widget-container\">\n\t\t\t<h3 class=\"elementor-heading-title elementor-size-default\">Schulbildung<\/h3>\t\t<\/div>\n\t\t\t\t<\/div>\n\t\t\t\t<div class=\"elementor-element elementor-element-213b5c0 elementor-widget elementor-widget-text-editor\" data-id=\"213b5c0\" data-element_type=\"widget\" data-widget_type=\"text-editor.default\">\n\t\t\t\t<div class=\"elementor-widget-container\">\n\t\t\t\t\t\t\t<p>Master of Business Administration &#8211; Aviation Management (Donau-Universit\u00e4t Krems)<\/p>\n<p>Matura &#8211; Fachrichtung Mechatronik (H\u00f6here Technische Bundeslehranstalt Steyr)<\/p>\t\t\t\t\t\t<\/div>\n\t\t\t\t<\/div>\n\t\t\t\t<div class=\"elementor-element elementor-element-5768d69 elementor-widget elementor-widget-spacer\" data-id=\"5768d69\" data-element_type=\"widget\" data-widget_type=\"spacer.default\">\n\t\t\t\t<div class=\"elementor-widget-container\">\n\t\t\t\t\t<div class=\"elementor-spacer\">\n\t\t\t<div class=\"elementor-spacer-inner\"><\/div>\n\t\t<\/div>\n\t\t\t\t<\/div>\n\t\t\t\t<\/div>\n\t\t\t\t\t<\/div>\n\t\t<\/div>\n\t\t\t\t\t\t\t<\/div>\n\t\t<\/section>\n\t\t\t\t\t\t\t<\/div>\n\t\t","protected":false},"excerpt":{"rendered":"<p>Meine Qualifikation EASA Kategorie 2 Flight Test Rating f\u00fcr CS-27 und CS-29. Meine Professionalit\u00e4t basiert auf der Qualifikation als &#8222;Ingenieur&#8220; in Maschinenbau (EQF Level 6) mit Spezialisierung auf Mechatronik, einer umfassenden Flugtestausbildung in Europa und den Vereinigten Staaten und mehr als 10 Jahren praktischer Erfahrung in Flugtests auf verschiedenen Hubschraubertypen. Testpilotenausbildung National Test Pilot School&hellip;<\/p>\n","protected":false},"author":1,"featured_media":0,"parent":31,"menu_order":0,"comment_status":"closed","ping_status":"closed","template":"","meta":[],"_links":{"self":[{"href":"https:\/\/htps.aero\/index.php?rest_route=\/wp\/v2\/pages\/376"}],"collection":[{"href":"https:\/\/htps.aero\/index.php?rest_route=\/wp\/v2\/pages"}],"about":[{"href":"https:\/\/htps.aero\/index.php?rest_route=\/wp\/v2\/types\/page"}],"author":[{"embeddable":true,"href":"https:\/\/htps.aero\/index.php?rest_route=\/wp\/v2\/users\/1"}],"replies":[{"embeddable":true,"href":"https:\/\/htps.aero\/index.php?rest_route=%2Fwp%2Fv2%2Fcomments&post=376"}],"version-history":[{"count":114,"href":"https:\/\/htps.aero\/index.php?rest_route=\/wp\/v2\/pages\/376\/revisions"}],"predecessor-version":[{"id":1315,"href":"https:\/\/htps.aero\/index.php?rest_route=\/wp\/v2\/pages\/376\/revisions\/1315"}],"up":[{"embeddable":true,"href":"https:\/\/htps.aero\/index.php?rest_route=\/wp\/v2\/pages\/31"}],"wp:attachment":[{"href":"https:\/\/htps.aero\/index.php?rest_route=%2Fwp%2Fv2%2Fmedia&parent=376"}],"curies":[{"name":"wp","href":"https:\/\/api.w.org\/{rel}","templated":true}]}}